{"id":11,"date":"2024-11-07T20:18:29","date_gmt":"2024-11-07T20:18:29","guid":{"rendered":"https:\/\/montepce.cz\/?page_id=11"},"modified":"2025-01-13T14:03:49","modified_gmt":"2025-01-13T14:03:49","slug":"o-nas","status":"publish","type":"page","link":"https:\/\/montepce.cz\/?page_id=11","title":{"rendered":"O n\u00e1s"},"content":{"rendered":"<p>[et_pb_section fb_built=&#8220;1&#8243; specialty=&#8220;on&#8220; admin_label=&#8220;Hero&#8220; _builder_version=&#8220;4.23.1&#8243; _module_preset=&#8220;default&#8220; locked=&#8220;off&#8220; collapsed=&#8220;on&#8220; global_colors_info=&#8220;{}&#8220;][et_pb_column type=&#8220;2_3&#8243; specialty_columns=&#8220;2&#8243; _builder_version=&#8220;4.16&#8243; _module_preset=&#8220;default&#8220; custom_padding=&#8220;|||&#8220; global_colors_info=&#8220;{}&#8220; custom_padding__hover=&#8220;|||&#8220;][et_pb_row_inner _builder_version=&#8220;4.17.6&#8243; _module_preset=&#8220;default&#8220; global_colors_info=&#8220;{}&#8220;][et_pb_column_inner saved_specialty_column_type=&#8220;2_3&#8243; _builder_version=&#8220;4.16&#8243; _module_preset=&#8220;73121f80-a3ef-4484-8763-c3f18e3c56d2&#8243; global_colors_info=&#8220;{}&#8220;][et_pb_heading title=&#8220;\u010cinnost Spolku Montessori Pardubice&#8220; _builder_version=&#8220;4.27.4&#8243; _module_preset=&#8220;ddeb8c09-9078-4424-bc15-2efb6572e28e&#8220; title_font_size=&#8220;40px&#8220; hover_enabled=&#8220;0&#8243; locked=&#8220;off&#8220; global_colors_info=&#8220;{}&#8220; title_font=&#8220;&#8211;et_global_body_font|&#8211;et_global_heading_font_weight|||||||&#8220; title_letter_spacing=&#8220;2px&#8220; sticky_enabled=&#8220;0&#8243;][\/et_pb_heading][et_pb_text _builder_version=&#8220;4.27.2&#8243; _module_preset=&#8220;2c55a9c4-feed-423b-9edb-ae0b5b365cac&#8220; locked=&#8220;off&#8220; global_colors_info=&#8220;{}&#8220;]<\/p>\n<ul>\n<li>\u0160\u00ed\u0159en\u00ed osv\u011bty o vzd\u011bl\u00e1vac\u00edm programu Montessori na ve\u0159ejnosti.<\/li>\n<li>Shroma\u017e\u010fovan\u00ed finan\u010dn\u00edch prost\u0159edk\u016f pro zaji\u0161\u0165ov\u00e1n\u00ed provozu Montessori t\u0159\u00edd M\u0160 a Z\u0160.<\/li>\n<li>Realizace vzd\u011bl\u00e1vac\u00edch semin\u00e1\u0159\u016f.<\/li>\n<li>Spr\u00e1va majetku.<\/li>\n<\/ul>\n<p>[\/et_pb_text][et_pb_text _builder_version=&#8220;4.27.2&#8243; _module_preset=&#8220;2c55a9c4-feed-423b-9edb-ae0b5b365cac&#8220; locked=&#8220;off&#8220; global_colors_info=&#8220;{}&#8220;][\/et_pb_text][\/et_pb_column_inner][\/et_pb_row_inner][et_pb_row_inner _builder_version=&#8220;4.17.6&#8243; _module_preset=&#8220;default&#8220; global_colors_info=&#8220;{}&#8220;][et_pb_column_inner saved_specialty_column_type=&#8220;2_3&#8243; _builder_version=&#8220;4.16&#8243; _module_preset=&#8220;73121f80-a3ef-4484-8763-c3f18e3c56d2&#8243; global_colors_info=&#8220;{}&#8220;][et_pb_heading title=&#8220;Na\u0161e c\u00edle&#8220; _builder_version=&#8220;4.27.4&#8243; _module_preset=&#8220;ddeb8c09-9078-4424-bc15-2efb6572e28e&#8220; title_font_size=&#8220;41px&#8220; hover_enabled=&#8220;0&#8243; locked=&#8220;off&#8220; global_colors_info=&#8220;{}&#8220; title_font=&#8220;&#8211;et_global_body_font|&#8211;et_global_heading_font_weight|||||||&#8220; title_letter_spacing=&#8220;2px&#8220; sticky_enabled=&#8220;0&#8243;][\/et_pb_heading][et_pb_text _builder_version=&#8220;4.27.4&#8243; _module_preset=&#8220;2c55a9c4-feed-423b-9edb-ae0b5b365cac&#8220; hover_enabled=&#8220;0&#8243; locked=&#8220;off&#8220; global_colors_info=&#8220;{}&#8220; header_font=&#8220;&#8211;et_global_body_font|&#8211;et_global_heading_font_weight|||||||&#8220; sticky_enabled=&#8220;0&#8243;]<\/p>\n<ul>\n<li>Propagace vzd\u011bl\u00e1vac\u00edho syst\u00e9mu Montessori na Pardubicku.<\/li>\n<li>V\u0161estrann\u00e1 pomoc se zabezpe\u010den\u00edm provozu Montessori t\u0159\u00edd.<\/li>\n<li>Vzd\u011bl\u00e1v\u00e1n\u00ed, v\u00fdchova a tr\u00e1ven\u00ed voln\u00e9ho \u010dasu d\u011bt\u00ed.<\/li>\n<li>Vzd\u011bl\u00e1v\u00e1n\u00ed a osobn\u00ed rozvoj pro ve\u0159ejnost.<\/li>\n<\/ul>\n<p>[\/et_pb_text][\/et_pb_column_inner][\/et_pb_row_inner][\/et_pb_column][et_pb_column type=&#8220;1_3&#8243; _builder_version=&#8220;4.16&#8243; _module_preset=&#8220;73121f80-a3ef-4484-8763-c3f18e3c56d2&#8243; custom_padding=&#8220;|||&#8220; global_colors_info=&#8220;{}&#8220; custom_padding__hover=&#8220;|||&#8220;][et_pb_image src=&#8220;https:\/\/montepce.cz\/wp-content\/uploads\/2024\/11\/0-d5f9b475-78bc-4b9a-a29e-2bcc4e1694c2-800&#215;1080.jpg&#8220; title_text=&#8220;800&#215;1080&#8243; _builder_version=&#8220;4.25.2&#8243; _module_preset=&#8220;1cc6152f-565c-4c4d-b0c9-cf8c9576c341&#8243; custom_margin=&#8220;|-10vw|||false|false&#8220; custom_margin_tablet=&#8220;|0vw|||false|false&#8220; custom_margin_phone=&#8220;|0vw|||false|false&#8220; custom_margin_last_edited=&#8220;on|tablet&#8220; box_shadow_style=&#8220;preset4&#8243; box_shadow_horizontal=&#8220;0px&#8220; box_shadow_vertical=&#8220;24px&#8220; box_shadow_blur=&#8220;72px&#8220; box_shadow_spread=&#8220;-12px&#8220; locked=&#8220;off&#8220; global_colors_info=&#8220;{}&#8220;][\/et_pb_image][\/et_pb_column][\/et_pb_section]<\/p>\n","protected":false},"excerpt":{"rendered":"<p>\u0160\u00ed\u0159en\u00ed osv\u011bty o vzd\u011bl\u00e1vac\u00edm programu Montessori na ve\u0159ejnosti. Shroma\u017e\u010fovan\u00ed finan\u010dn\u00edch prost\u0159edk\u016f pro zaji\u0161\u0165ov\u00e1n\u00ed provozu Montessori t\u0159\u00edd M\u0160 a Z\u0160. Realizace vzd\u011bl\u00e1vac\u00edch semin\u00e1\u0159\u016f. Spr\u00e1va majetku. Propagace vzd\u011bl\u00e1vac\u00edho syst\u00e9mu Montessori na Pardubicku. V\u0161estrann\u00e1 pomoc se zabezpe\u010den\u00edm provozu Montessori t\u0159\u00edd. Vzd\u011bl\u00e1v\u00e1n\u00ed, v\u00fdchova a tr\u00e1ven\u00ed voln\u00e9ho \u010dasu d\u011bt\u00ed. Vzd\u011bl\u00e1v\u00e1n\u00ed a osobn\u00ed rozvoj pro ve\u0159ejnost.<\/p>\n","protected":false},"author":1,"featured_media":0,"parent":0,"menu_order":0,"comment_status":"closed","ping_status":"closed","template":"","meta":{"_et_pb_use_builder":"on","_et_pb_old_content":"","_et_gb_content_width":"","footnotes":""},"class_list":["post-11","page","type-page","status-publish","hentry"],"_links":{"self":[{"href":"https:\/\/montepce.cz\/index.php?rest_route=\/wp\/v2\/pages\/11","targetHints":{"allow":["GET"]}}],"collection":[{"href":"https:\/\/montepce.cz\/index.php?rest_route=\/wp\/v2\/pages"}],"about":[{"href":"https:\/\/montepce.cz\/index.php?rest_route=\/wp\/v2\/types\/page"}],"author":[{"embeddable":true,"href":"https:\/\/montepce.cz\/index.php?rest_route=\/wp\/v2\/users\/1"}],"replies":[{"embeddable":true,"href":"https:\/\/montepce.cz\/index.php?rest_route=%2Fwp%2Fv2%2Fcomments&post=11"}],"version-history":[{"count":8,"href":"https:\/\/montepce.cz\/index.php?rest_route=\/wp\/v2\/pages\/11\/revisions"}],"predecessor-version":[{"id":370,"href":"https:\/\/montepce.cz\/index.php?rest_route=\/wp\/v2\/pages\/11\/revisions\/370"}],"wp:attachment":[{"href":"https:\/\/montepce.cz\/index.php?rest_route=%2Fwp%2Fv2%2Fmedia&parent=11"}],"curies":[{"name":"wp","href":"https:\/\/api.w.org\/{rel}","templated":true}]}}