{"id":15,"date":"2024-11-07T20:18:29","date_gmt":"2024-11-07T20:18:29","guid":{"rendered":"https:\/\/montepce.cz\/?page_id=15"},"modified":"2026-02-09T17:30:14","modified_gmt":"2026-02-09T17:30:14","slug":"spolupracujici-subjekty","status":"publish","type":"page","link":"https:\/\/montepce.cz\/?page_id=15","title":{"rendered":"Podporovan\u00e9 subjekty"},"content":{"rendered":"<p>[et_pb_section fb_built=&#8220;1&#8243; admin_label=&#8220;Events&#8220; _builder_version=&#8220;4.27.4&#8243; _module_preset=&#8220;_initial&#8220; vertical_offset=&#8220;0px&#8220; horizontal_offset=&#8220;0px&#8220; min_height=&#8220;1000px&#8220; height=&#8220;1000px&#8220; custom_margin=&#8220;||-464px||false|false&#8220; locked=&#8220;off&#8220; collapsed=&#8220;on&#8220; global_colors_info=&#8220;{%22gcid-36fd78a7-34bc-404d-873c-dafa34efaae5%22:%91%22colorStart%22%93}&#8220;][et_pb_row column_structure=&#8220;1_2,1_2&#8243; _builder_version=&#8220;4.27.4&#8243; _module_preset=&#8220;5138c454-be54-4233-bd3b-f8e6a8747976&#8243; width=&#8220;98.8%&#8220; custom_padding=&#8220;||27px|||&#8220; global_colors_info=&#8220;{}&#8220;][et_pb_column type=&#8220;1_2&#8243; _builder_version=&#8220;4.27.4&#8243; _module_preset=&#8220;50607da8-57bc-4d4b-aaef-f02e41c2cc4a&#8220; transform_scale=&#8220;114%|114%&#8220; custom_padding=&#8220;30px|2px|30px|2px|true|true&#8220; border_radii=&#8220;on|0px|0px|0px|0px&#8220; global_colors_info=&#8220;{%22gcid-7cadd8b3-5228-48e4-90c4-212d09232f7b%22:%91%22color%22%93}&#8220;][et_pb_image src=&#8220;https:\/\/montepce.cz\/wp-content\/uploads\/2024\/11\/skolka.png&#8220; title_text=&#8220;\u0161kolka&#8220; align=&#8220;center&#8220; _builder_version=&#8220;4.27.4&#8243; _module_preset=&#8220;_initial&#8220; width=&#8220;100%&#8220; custom_margin=&#8220;|24px||||&#8220; global_colors_info=&#8220;{}&#8220;][\/et_pb_image][et_pb_heading title=&#8220;Mate\u0159sk\u00e1 \u0161kola Klub\u00ed\u010dko<br \/>\nPardubice &#8211; Polabiny,  Grusova 448<br \/>\n&#8220; url_new_window=&#8220;on&#8220; _builder_version=&#8220;4.27.4&#8243; _module_preset=&#8220;ba4a6336-701f-47b8-bf5c-09da0ce28016&#8243; title_level=&#8220;h2&#8243; title_font=&#8220;&#8211;et_global_body_font|&#8211;et_global_heading_font_weight|||||||&#8220; title_text_align=&#8220;center&#8220; title_font_size=&#8220;21px&#8220; transform_scale=&#8220;132%|132%&#8220; width=&#8220;83.6%&#8220; max_width=&#8220;100%&#8220; module_alignment=&#8220;center&#8220; min_height=&#8220;110.6px&#8220; custom_margin=&#8220;0px||10px||false|false&#8220; custom_padding=&#8220;37px||37px||true|false&#8220; title_font_size_tablet=&#8220;21px&#8220; title_font_size_phone=&#8220;21px&#8220; title_font_size_last_edited=&#8220;on|desktop&#8220; global_colors_info=&#8220;{}&#8220;][\/et_pb_heading][et_pb_button button_url=&#8220;https:\/\/www.msgrusova.cz\/&#8220; button_text=&#8220;Webov\u00e9 str\u00e1nky&#8220; button_alignment=&#8220;center&#8220; _builder_version=&#8220;4.27.4&#8243; _module_preset=&#8220;1bffc0fc-42a0-49d1-bd9a-ae3ade2d7206&#8243; button_text_size=&#8220;17px&#8220; button_letter_spacing=&#8220;0px&#8220; transform_scale=&#8220;101%|101%&#8220; custom_margin=&#8220;5px|0px|15px||false|false&#8220; custom_padding=&#8220;7px|18px|7px|18px|true|true&#8220; locked=&#8220;off&#8220; global_colors_info=&#8220;{%22gcid-36fd78a7-34bc-404d-873c-dafa34efaae5%22:%91%22button_text_color%22%93}&#8220;][\/et_pb_button][\/et_pb_column][et_pb_column type=&#8220;1_2&#8243; _builder_version=&#8220;4.27.4&#8243; _module_preset=&#8220;50607da8-57bc-4d4b-aaef-f02e41c2cc4a&#8220; transform_scale=&#8220;114%|114%&#8220; custom_padding=&#8220;30px|2px|30px|2px|true|true&#8220; global_colors_info=&#8220;{%22gcid-7cadd8b3-5228-48e4-90c4-212d09232f7b%22:%91%22color%22%93}&#8220;][et_pb_image src=&#8220;https:\/\/montepce.cz\/wp-content\/uploads\/2024\/11\/skola.png&#8220; title_text=&#8220;\u0161kola&#8220; align=&#8220;center&#8220; _builder_version=&#8220;4.27.4&#8243; _module_preset=&#8220;_initial&#8220; global_colors_info=&#8220;{}&#8220;][\/et_pb_image][et_pb_heading title=&#8220;Z\u00e1kladn\u00ed \u0161kola Montessori Pardubice, p\u0159\u00edsp\u011bvkov\u00e1 organizace&#8220; _builder_version=&#8220;4.27.4&#8243; _module_preset=&#8220;ba4a6336-701f-47b8-bf5c-09da0ce28016&#8243; title_level=&#8220;h2&#8243; title_font=&#8220;Andada Pro||||||||&#8220; title_text_align=&#8220;center&#8220; title_font_size=&#8220;29px&#8220; transform_scale=&#8220;96%|96%&#8220; custom_padding=&#8220;32px||0px||false|false&#8220; global_colors_info=&#8220;{}&#8220;][\/et_pb_heading][et_pb_button button_url=&#8220;https:\/\/www.zsmontepce.cz\/&#8220; url_new_window=&#8220;on&#8220; button_text=&#8220;Webov\u00e9 str\u00e1nky&#8220; button_alignment=&#8220;center&#8220; _builder_version=&#8220;4.27.4&#8243; _module_preset=&#8220;1bffc0fc-42a0-49d1-bd9a-ae3ade2d7206&#8243; button_text_size=&#8220;17px&#8220; button_letter_spacing=&#8220;0px&#8220; transform_scale=&#8220;101%|101%&#8220; z_index=&#8220;1&#8243; custom_margin=&#8220;5px|0px|15px||false|false&#8220; custom_padding=&#8220;7px|19px|7px|19px|true|true&#8220; locked=&#8220;off&#8220; global_colors_info=&#8220;{%22gcid-36fd78a7-34bc-404d-873c-dafa34efaae5%22:%91%22button_text_color%22%93}&#8220;][\/et_pb_button][\/et_pb_column][\/et_pb_row][\/et_pb_section][et_pb_section fb_built=&#8220;1&#8243; _builder_version=&#8220;4.27.4&#8243; _module_preset=&#8220;default&#8220; global_colors_info=&#8220;{}&#8220;][et_pb_row _builder_version=&#8220;4.27.4&#8243; _module_preset=&#8220;default&#8220; global_colors_info=&#8220;{}&#8220;][et_pb_column type=&#8220;4_4&#8243; _builder_version=&#8220;4.27.4&#8243; _module_preset=&#8220;default&#8220; global_colors_info=&#8220;{}&#8220;][et_pb_text _builder_version=&#8220;4.27.4&#8243; _module_preset=&#8220;default&#8220; global_colors_info=&#8220;{}&#8220;]<\/p>\n<p>Subjekty podporovan\u00e9 Spolkem Montessori Pardubice vyu\u017e\u00edvaj\u00ed jeho \u010dinnosti v souladu s jeho stanovami zejm\u00e9na v podob\u011b v\u0161estrann\u00e9 pomoci se zabezpe\u010den\u00edm provozu Montessori t\u0159\u00edd a materi\u00e1ln\u00ed podpory vzd\u011bl\u00e1vac\u00edch a u\u010debn\u00edch \u010dinnost\u00ed v t\u011bchto t\u0159\u00edd\u00e1ch.<\/p>\n<p>Spolek\u00a0Montessori Pardubice\u00a0hospoda\u0159\u00ed s finan\u010dn\u00edmi prost\u0159edky,\u00a0kter\u00e9 jsou tvo\u0159eny nap\u0159\u00edklad pen\u011b\u017en\u00edmi dary fyzick\u00fdch a pr\u00e1vnick\u00fdch osob, p\u0159\u00edsp\u011bvky z ve\u0159ejn\u00fdch rozpo\u010dt\u016f, dotacemi a granty a zejm\u00e9na\u00a0pen\u011b\u017en\u00edmi dary rodi\u010d\u016f\u00a0d\u011bt\u00ed nav\u0161t\u011bvuj\u00edc\u00edch v\u00fd\u0161e uvedenou M\u0160\/\u017e\u00e1k\u016f nav\u0161t\u011bvuj\u00edc\u00edch v\u00fd\u0161e uvedenou Z\u0160.<\/p>\n<p>V\u00fd\u0161e p\u0159edpokl\u00e1dan\u00fdch n\u00e1klad\u016f (v\u00fddaj\u016f) a v\u00fdnos\u016f (p\u0159\u00edjm\u016f) je sou\u010d\u00e1st\u00ed n\u00e1vrhu rozpo\u010dtu na n\u00e1sleduj\u00edc\u00ed obdob\u00ed (aktu\u00e1ln\u00ed \u0161koln\u00ed rok) projedn\u00e1van\u00e9ho a schvalovan\u00e9ho v souladu se stanovami nejvy\u0161\u0161\u00edm org\u00e1nem Spolku Montessori Pardubice &#8211; \u010dlenskou sch\u016fz\u00ed.<\/p>\n<p>V\u00fd\u0161e p\u0159\u00edsp\u011bvk\u016f\u00a0je stanovena\u00a0na z\u00e1klad\u011b\u00a0aktu\u00e1ln\u00edch pot\u0159eb \u0161kol.<\/p>\n<p>V M\u0160 \u010din\u00ed\u00a0pr\u016fm\u011brn\u00e1 v\u00fd\u0161e p\u0159\u00edsp\u011bvku 3 000 K\u010d\/\u0161koln\u00ed rok\/d\u00edt\u011b.<\/p>\n<p>V Z\u0160 \u010din\u00ed\u00a0pr\u016fm\u011brn\u00e1 v\u00fd\u0161e p\u0159\u00edsp\u011bvku\u00a010\u00a0000 K\u010d\/\u0161koln\u00ed rok\/\u017e\u00e1ka.\u00a0<\/p>\n<p>&nbsp;<\/p>\n<p><strong>Pen\u011b\u017en\u00ed dary poslou\u017e\u00ed k:<\/strong><\/p>\n<ul>\n<li>zaji\u0161\u0165ov\u00e1n\u00ed vybaven\u00ed do Montessori t\u0159\u00edd<\/li>\n<li>vytv\u00e1\u0159en\u00ed a n\u00e1kup pom\u016fcek \u010di didaktick\u00fdch materi\u00e1l\u016f<\/li>\n<li>finan\u010dn\u00ed podporu pedagogick\u00e9 \u010dinnosti a vzd\u011bl\u00e1v\u00e1n\u00ed pedagog\u016f<\/li>\n<li>organizace spole\u010dn\u00fdch setk\u00e1n\u00ed<\/li>\n<\/ul>\n<p>&nbsp;<\/p>\n<p>[\/et_pb_text][\/et_pb_column][\/et_pb_row][\/et_pb_section]<\/p>\n","protected":false},"excerpt":{"rendered":"<p>Subjekty podporovan\u00e9 Spolkem Montessori Pardubice vyu\u017e\u00edvaj\u00ed jeho \u010dinnosti v souladu s jeho stanovami zejm\u00e9na v podob\u011b v\u0161estrann\u00e9 pomoci se zabezpe\u010den\u00edm provozu Montessori t\u0159\u00edd a materi\u00e1ln\u00ed podpory vzd\u011bl\u00e1vac\u00edch a u\u010debn\u00edch \u010dinnost\u00ed v t\u011bchto t\u0159\u00edd\u00e1ch. Spolek\u00a0Montessori Pardubice\u00a0hospoda\u0159\u00ed s finan\u010dn\u00edmi prost\u0159edky,\u00a0kter\u00e9 jsou tvo\u0159eny nap\u0159\u00edklad pen\u011b\u017en\u00edmi dary fyzick\u00fdch a pr\u00e1vnick\u00fdch osob, p\u0159\u00edsp\u011bvky z ve\u0159ejn\u00fdch rozpo\u010dt\u016f, dotacemi a granty a [&hellip;]<\/p>\n","protected":false},"author":1,"featured_media":0,"parent":0,"menu_order":0,"comment_status":"closed","ping_status":"closed","template":"","meta":{"_et_pb_use_builder":"on","_et_pb_old_content":"","_et_gb_content_width":"","footnotes":""},"class_list":["post-15","page","type-page","status-publish","hentry"],"_links":{"self":[{"href":"https:\/\/montepce.cz\/index.php?rest_route=\/wp\/v2\/pages\/15","targetHints":{"allow":["GET"]}}],"collection":[{"href":"https:\/\/montepce.cz\/index.php?rest_route=\/wp\/v2\/pages"}],"about":[{"href":"https:\/\/montepce.cz\/index.php?rest_route=\/wp\/v2\/types\/page"}],"author":[{"embeddable":true,"href":"https:\/\/montepce.cz\/index.php?rest_route=\/wp\/v2\/users\/1"}],"replies":[{"embeddable":true,"href":"https:\/\/montepce.cz\/index.php?rest_route=%2Fwp%2Fv2%2Fcomments&post=15"}],"version-history":[{"count":31,"href":"https:\/\/montepce.cz\/index.php?rest_route=\/wp\/v2\/pages\/15\/revisions"}],"predecessor-version":[{"id":519,"href":"https:\/\/montepce.cz\/index.php?rest_route=\/wp\/v2\/pages\/15\/revisions\/519"}],"wp:attachment":[{"href":"https:\/\/montepce.cz\/index.php?rest_route=%2Fwp%2Fv2%2Fmedia&parent=15"}],"curies":[{"name":"wp","href":"https:\/\/api.w.org\/{rel}","templated":true}]}}