{"id":19,"date":"2024-11-07T20:18:29","date_gmt":"2024-11-07T20:18:29","guid":{"rendered":"https:\/\/montepce.cz\/?page_id=19"},"modified":"2025-04-29T16:15:36","modified_gmt":"2025-04-29T16:15:36","slug":"montessori","status":"publish","type":"page","link":"https:\/\/montepce.cz\/?page_id=19","title":{"rendered":"Montessori"},"content":{"rendered":"\n[et_pb_section fb_built=&#8220;1&#8243; admin_label=&#8220;About&#8220; _builder_version=&#8220;4.25.1&#8243; _module_preset=&#8220;default&#8220; collapsed=&#8220;on&#8220; global_colors_info=&#8220;{}&#8220;][et_pb_row column_structure=&#8220;1_2,1_2&#8243; _builder_version=&#8220;4.25.1&#8243; _module_preset=&#8220;048d8e79-b07f-439b-bd57-f41c14f0a56b&#8220; global_colors_info=&#8220;{}&#8220;][et_pb_column type=&#8220;1_2&#8243; _builder_version=&#8220;4.25.1&#8243; _module_preset=&#8220;default&#8220; global_colors_info=&#8220;{}&#8220;][et_pb_image src=&#8220;https:\/\/montepce.cz\/wp-content\/uploads\/2024\/11\/Marie-montessori.png&#8220; title_text=&#8220;Marie montessori&#8220; _builder_version=&#8220;4.27.4&#8243; _module_preset=&#8220;default&#8220; transform_scale=&#8220;114%|114%&#8220; custom_padding=&#8220;|||20px|false|false&#8220; global_colors_info=&#8220;{}&#8220;][\/et_pb_image][\/et_pb_column][et_pb_column type=&#8220;1_2&#8243; _builder_version=&#8220;4.25.1&#8243; _module_preset=&#8220;default&#8220; global_colors_info=&#8220;{}&#8220;][et_pb_heading title=&#8220;Filozofie Montessori pedagogiky&#8220; _builder_version=&#8220;4.27.4&#8243; _module_preset=&#8220;c33f07d9-41e0-421a-8799-5799df695cce&#8220; hover_enabled=&#8220;0&#8243; global_colors_info=&#8220;{}&#8220; title_font=&#8220;&#8211;et_global_body_font|&#8211;et_global_heading_font_weight|||||||&#8220; title_letter_spacing=&#8220;2px&#8220; sticky_enabled=&#8220;0&#8243;][\/et_pb_heading][et_pb_text _builder_version=&#8220;4.25.1&#8243; _module_preset=&#8220;2c55a9c4-feed-423b-9edb-ae0b5b365cac&#8220; global_colors_info=&#8220;{}&#8220;]<p>Montessori pedagogika je zalo\u017eena na respektu k individu\u00e1ln\u00edmu tempu ka\u017ed\u00e9ho d\u00edt\u011bte. Klade d\u016fraz na samostatnost, svobodu volby a zodpov\u011bdnost. D\u011bti se u\u010d\u00ed prost\u0159ednictv\u00edm praktick\u00fdch zku\u0161enost\u00ed v p\u0159ipraven\u00e9m prost\u0159ed\u00ed, kter\u00e9 podporuje jejich p\u0159irozenou zv\u011bdavost a touhu po pozn\u00e1n\u00ed. Tento p\u0159\u00edstup rozv\u00edj\u00ed nejen intelektu\u00e1ln\u00ed schopnosti, ale tak\u00e9 soci\u00e1ln\u00ed a emocion\u00e1ln\u00ed dovednosti, \u010d\u00edm\u017e p\u0159ipravuje d\u011bti na \u017eivot v dynamick\u00e9m sv\u011bt\u011b.<\/p>\n<p><span>Pedagogika Marie Montessori se vyv\u00edj\u00ed ji\u017e cel\u00e9 stolet\u00ed a tvo\u0159\u00ed ucelen\u00fd a propracovan\u00fd vzd\u011bl\u00e1vac\u00ed syst\u00e9m respektuj\u00edc\u00ed v\u00fdvojov\u00e1 obdob\u00ed d\u00edt\u011bte a koresponduj\u00edc\u00ed s psychologick\u00fdmi teoriemi v\u00fdvojov\u00fdch pot\u0159eb d\u00edt\u011bte. Je nejroz\u0161\u00ed\u0159en\u011bj\u0161\u00edm alternativn\u00edm v\u00fdukov\u00fdm\u00a0 programem.<\/span><\/p>[\/et_pb_text][\/et_pb_column][\/et_pb_row][\/et_pb_section]\n","protected":false},"excerpt":{"rendered":"<p>Montessori pedagogika je zalo\u017eena na respektu k individu\u00e1ln\u00edmu tempu ka\u017ed\u00e9ho d\u00edt\u011bte. Klade d\u016fraz na samostatnost, svobodu volby a zodpov\u011bdnost. D\u011bti se u\u010d\u00ed prost\u0159ednictv\u00edm praktick\u00fdch zku\u0161enost\u00ed v p\u0159ipraven\u00e9m prost\u0159ed\u00ed, kter\u00e9 podporuje jejich p\u0159irozenou zv\u011bdavost a touhu po pozn\u00e1n\u00ed. Tento p\u0159\u00edstup rozv\u00edj\u00ed nejen intelektu\u00e1ln\u00ed schopnosti, ale tak\u00e9 soci\u00e1ln\u00ed a emocion\u00e1ln\u00ed dovednosti, \u010d\u00edm\u017e p\u0159ipravuje d\u011bti na \u017eivot v [&hellip;]<\/p>\n","protected":false},"author":1,"featured_media":0,"parent":0,"menu_order":0,"comment_status":"closed","ping_status":"closed","template":"","meta":{"_et_pb_use_builder":"on","_et_pb_old_content":"","_et_gb_content_width":"","footnotes":""},"class_list":["post-19","page","type-page","status-publish","hentry"],"_links":{"self":[{"href":"https:\/\/montepce.cz\/index.php?rest_route=\/wp\/v2\/pages\/19","targetHints":{"allow":["GET"]}}],"collection":[{"href":"https:\/\/montepce.cz\/index.php?rest_route=\/wp\/v2\/pages"}],"about":[{"href":"https:\/\/montepce.cz\/index.php?rest_route=\/wp\/v2\/types\/page"}],"author":[{"embeddable":true,"href":"https:\/\/montepce.cz\/index.php?rest_route=\/wp\/v2\/users\/1"}],"replies":[{"embeddable":true,"href":"https:\/\/montepce.cz\/index.php?rest_route=%2Fwp%2Fv2%2Fcomments&post=19"}],"version-history":[{"count":11,"href":"https:\/\/montepce.cz\/index.php?rest_route=\/wp\/v2\/pages\/19\/revisions"}],"predecessor-version":[{"id":422,"href":"https:\/\/montepce.cz\/index.php?rest_route=\/wp\/v2\/pages\/19\/revisions\/422"}],"wp:attachment":[{"href":"https:\/\/montepce.cz\/index.php?rest_route=%2Fwp%2Fv2%2Fmedia&parent=19"}],"curies":[{"name":"wp","href":"https:\/\/api.w.org\/{rel}","templated":true}]}}