{"id":21,"date":"2024-11-07T20:18:29","date_gmt":"2024-11-07T20:18:29","guid":{"rendered":"https:\/\/montepce.cz\/?page_id=21"},"modified":"2025-05-05T08:13:57","modified_gmt":"2025-05-05T08:13:57","slug":"kontakt","status":"publish","type":"page","link":"https:\/\/montepce.cz\/?page_id=21","title":{"rendered":"Kontakt"},"content":{"rendered":"<p>[et_pb_section fb_built=&#8220;1&#8243; admin_label=&#8220;Contact Info&#8220; _builder_version=&#8220;4.25.1&#8243; _module_preset=&#8220;default&#8220; collapsed=&#8220;on&#8220; global_colors_info=&#8220;{}&#8220;][et_pb_row column_structure=&#8220;1_3,1_3,1_3&#8243; _builder_version=&#8220;4.25.1&#8243; _module_preset=&#8220;default&#8220; global_colors_info=&#8220;{}&#8220;][et_pb_column type=&#8220;1_3&#8243; _builder_version=&#8220;4.25.1&#8243; _module_preset=&#8220;50607da8-57bc-4d4b-aaef-f02e41c2cc4a&#8220; global_colors_info=&#8220;{}&#8220;][et_pb_blurb title=&#8220;Email&#8220; use_icon=&#8220;on&#8220; font_icon=&#8220;&#xf0e0;||fa||900&#8243; icon_alignment=&#8220;center&#8220; module_class=&#8220;ai_ignore_all&#8220; _builder_version=&#8220;4.27.4&#8243; _module_preset=&#8220;212b201d-2c34-41bd-936c-851b7357d08b&#8220; header_font=&#8220;&#8211;et_global_body_font|&#8211;et_global_heading_font_weight|||||||&#8220; header_letter_spacing=&#8220;2px&#8220; text_orientation=&#8220;center&#8220; locked=&#8220;off&#8220; global_colors_info=&#8220;{}&#8220;]<\/p>\n<p><strong><a href=\"mailto:predseda@montepce.cz\"><span style=\"color: #e09900;\">predseda@montepce.cz<\/span><\/a><\/strong><\/p>\n<p><span style=\"color: #e09900;\"><strong>Martina Petel\u00edkov\u00e1<\/strong><\/span><\/p>\n<p>[\/et_pb_blurb][\/et_pb_column][et_pb_column type=&#8220;1_3&#8243; _builder_version=&#8220;4.25.1&#8243; _module_preset=&#8220;50607da8-57bc-4d4b-aaef-f02e41c2cc4a&#8220; global_colors_info=&#8220;{}&#8220;][et_pb_blurb title=&#8220;Telefon&#8220; use_icon=&#8220;on&#8220; font_icon=&#8220;&#xe090;||divi||400&#8243; icon_alignment=&#8220;center&#8220; module_class=&#8220;ai_ignore_all&#8220; _builder_version=&#8220;4.27.4&#8243; _module_preset=&#8220;212b201d-2c34-41bd-936c-851b7357d08b&#8220; header_font=&#8220;&#8211;et_global_body_font|&#8211;et_global_heading_font_weight|||||||&#8220; header_letter_spacing=&#8220;2px&#8220; text_orientation=&#8220;center&#8220; hover_enabled=&#8220;0&#8243; global_colors_info=&#8220;{}&#8220; sticky_enabled=&#8220;0&#8243;]<\/p>\n<p><strong><span style=\"color: #e09900;\">775 062 806<\/span><\/strong><\/p>\n<p>[\/et_pb_blurb][\/et_pb_column][et_pb_column type=&#8220;1_3&#8243; _builder_version=&#8220;4.25.1&#8243; _module_preset=&#8220;50607da8-57bc-4d4b-aaef-f02e41c2cc4a&#8220; global_colors_info=&#8220;{}&#8220;][et_pb_blurb title=&#8220;Adresa&#8220; use_icon=&#8220;on&#8220; font_icon=&#8220;&#xf3c5;||fa||900&#8243; icon_alignment=&#8220;center&#8220; module_class=&#8220;ai_ignore_all&#8220; _builder_version=&#8220;4.27.4&#8243; _module_preset=&#8220;212b201d-2c34-41bd-936c-851b7357d08b&#8220; header_font=&#8220;&#8211;et_global_body_font|&#8211;et_global_heading_font_weight|||||||&#8220; header_letter_spacing=&#8220;2px&#8220; text_orientation=&#8220;center&#8220; locked=&#8220;off&#8220; global_colors_info=&#8220;{}&#8220;]<\/p>\n<p><span style=\"color: #e09900;\"><strong>Erno Ko\u0161\u0165\u00e1la 870 <\/strong><\/span><span style=\"color: #e09900;\"><strong>Stud\u00e1nka<\/strong><\/span><\/p>\n<p><span style=\"color: #e09900;\"><strong>530 12 Pardubice<\/strong><\/span><\/p>\n<p>[\/et_pb_blurb][\/et_pb_column][\/et_pb_row][et_pb_row column_structure=&#8220;1_3,1_3,1_3&#8243; _builder_version=&#8220;4.25.1&#8243; _module_preset=&#8220;default&#8220; global_colors_info=&#8220;{}&#8220;][et_pb_column type=&#8220;1_3&#8243; _builder_version=&#8220;4.25.1&#8243; _module_preset=&#8220;50607da8-57bc-4d4b-aaef-f02e41c2cc4a&#8220; global_colors_info=&#8220;{}&#8220;][et_pb_blurb title=&#8220;\u010c\u00edslo \u00fa\u010dtu&#8220; use_icon=&#8220;on&#8220; font_icon=&#8220;&#xf4d3;||fa||900&#8243; icon_alignment=&#8220;center&#8220; module_class=&#8220;ai_ignore_all&#8220; _builder_version=&#8220;4.27.4&#8243; _module_preset=&#8220;212b201d-2c34-41bd-936c-851b7357d08b&#8220; header_font=&#8220;&#8211;et_global_body_font|&#8211;et_global_heading_font_weight|||||||&#8220; header_letter_spacing=&#8220;2px&#8220; text_orientation=&#8220;center&#8220; locked=&#8220;off&#8220; global_colors_info=&#8220;{}&#8220;]<\/p>\n<p><a href=\"mailto:info@spolekmonte.flenexa.com\"><span style=\"color: #e09900;\"><strong>2601113122\/2010<\/strong><\/span><\/a><\/p>\n<p>[\/et_pb_blurb][et_pb_blurb title=&#8220;I\u010cO&#8220; use_icon=&#8220;on&#8220; font_icon=&#8220;&#x72;||divi||400&#8243; icon_alignment=&#8220;center&#8220; module_class=&#8220;ai_ignore_all&#8220; _builder_version=&#8220;4.27.4&#8243; _module_preset=&#8220;212b201d-2c34-41bd-936c-851b7357d08b&#8220; header_text_color=&#8220;#000000&#8243; body_text_color=&#8220;#7CDA24&#8243; text_orientation=&#8220;center&#8220; custom_padding=&#8220;||0px|||&#8220; locked=&#8220;off&#8220; global_colors_info=&#8220;{%22gcid-primary-color%22:%91%22icon_color%22,%22body_link_text_color%22,%22icon_color%22,%22body_link_text_color%22,%22icon_color%22,%22body_link_text_color%22,%22icon_color%22,%22body_link_text_color%22,%22icon_color%22,%22body_link_text_color%22,%22icon_color%22,%22body_link_text_color%22,%22icon_color%22,%22body_link_text_color%22,%22icon_color%22,%22body_link_text_color%22,%22icon_color%22,%22body_link_text_color%22%93,%22gcid-heading-color%22:%91%22header_text_color%22,%22header_text_color%22,%22header_text_color%22,%22header_text_color%22,%22header_text_color%22,%22header_text_color%22,%22header_text_color%22%93}&#8220;]<\/p>\n<p><strong><span style=\"color: #ff9900;\"><a href=\"mailto:info@spolekmonte.flenexa.com\"><span style=\"color: #e09900;\">22862617<\/span><\/a><\/span><\/strong><\/p>\n<p>[\/et_pb_blurb][\/et_pb_column][et_pb_column type=&#8220;1_3&#8243; _builder_version=&#8220;4.25.1&#8243; _module_preset=&#8220;50607da8-57bc-4d4b-aaef-f02e41c2cc4a&#8220; global_colors_info=&#8220;{}&#8220;][et_pb_blurb title=&#8220;Hospod\u00e1\u0159ka&#8220; use_icon=&#8220;on&#8220; font_icon=&#8220;&#xf4c0;||fa||900&#8243; icon_alignment=&#8220;center&#8220; title_tablet=&#8220;Hospod\u00e1\u0159ka&#8220; title_phone=&#8220;Hospod\u00e1\u0159ka&#8220; title_last_edited=&#8220;on|phone&#8220; module_class=&#8220;ai_ignore_all&#8220; _builder_version=&#8220;4.27.4&#8243; _module_preset=&#8220;212b201d-2c34-41bd-936c-851b7357d08b&#8220; header_font=&#8220;&#8211;et_global_body_font|&#8211;et_global_heading_font_weight|||||||&#8220; header_letter_spacing=&#8220;3px&#8220; text_orientation=&#8220;center&#8220; global_colors_info=&#8220;{}&#8220;]<\/p>\n<p><strong><span style=\"color: #e09900;\">Lucie Pl\u0161kov\u00e1<\/span><\/strong><\/p>\n<p><strong><span style=\"color: #e09900;\">hospodar@montepce.cz<\/span><\/strong><\/p>\n<p>[\/et_pb_blurb][\/et_pb_column][et_pb_column type=&#8220;1_3&#8243; _builder_version=&#8220;4.25.1&#8243; _module_preset=&#8220;50607da8-57bc-4d4b-aaef-f02e41c2cc4a&#8220; global_colors_info=&#8220;{}&#8220;][et_pb_blurb title=&#8220;\u010clenov\u00e9 v\u00fdboru&#8220; use_icon=&#8220;on&#8220; font_icon=&#8220;&#xf518;||fa||900&#8243; icon_alignment=&#8220;center&#8220; module_class=&#8220;ai_ignore_all&#8220; _builder_version=&#8220;4.27.4&#8243; _module_preset=&#8220;212b201d-2c34-41bd-936c-851b7357d08b&#8220; header_font=&#8220;&#8211;et_global_body_font|&#8211;et_global_heading_font_weight|||||||&#8220; header_letter_spacing=&#8220;2px&#8220; text_orientation=&#8220;center&#8220; locked=&#8220;off&#8220; global_colors_info=&#8220;{}&#8220;]<\/p>\n<p><span style=\"color: #e09900;\"><strong>Martina Petel\u00edkov\u00e1<\/strong><\/span><\/p>\n<p><span style=\"color: #e09900;\"><strong>\u0160\u00e1rka \u0160\u0165ov\u00ed\u010dkov\u00e1<\/strong><\/span><\/p>\n<p><span style=\"color: #e09900;\"><strong>Martin H\u00e1jek<\/strong><\/span><\/p>\n<p><span style=\"color: #e09900;\"><strong>Kate\u0159ina Ne\u010dilov\u00e1<\/strong><\/span><\/p>\n<p><span style=\"color: #e09900;\"><strong>Lucie Pl\u0161kov\u00e1<\/strong><\/span><\/p>\n<p><span style=\"color: #e09900;\"><strong>Radka H\u00e1jkov\u00e1<\/strong><\/span><\/p>\n<p><span style=\"color: #e09900;\"><strong>Kate\u0159ina Di\u00e1kov\u00e1<\/strong><\/span><\/p>\n<p><span style=\"color: #e09900;\"><strong><\/strong><\/span><\/p>\n<p><span style=\"color: #e09900;\"><strong><\/strong><\/span><\/p>\n<p>[\/et_pb_blurb][\/et_pb_column][\/et_pb_row][\/et_pb_section]<\/p>\n","protected":false},"excerpt":{"rendered":"<p>predseda@montepce.cz Martina Petel\u00edkov\u00e1775 062 806Erno Ko\u0161\u0165\u00e1la 870 Stud\u00e1nka 530 12 Pardubice2601113122\/201022862617Lucie Pl\u0161kov\u00e1 hospodar@montepce.czMartina Petel\u00edkov\u00e1 \u0160\u00e1rka \u0160\u0165ov\u00ed\u010dkov\u00e1 Martin H\u00e1jek Kate\u0159ina Ne\u010dilov\u00e1 Lucie Pl\u0161kov\u00e1 Radka H\u00e1jkov\u00e1 Kate\u0159ina Di\u00e1kov\u00e1<\/p>\n","protected":false},"author":1,"featured_media":0,"parent":0,"menu_order":0,"comment_status":"closed","ping_status":"closed","template":"","meta":{"_et_pb_use_builder":"on","_et_pb_old_content":"","_et_gb_content_width":"","footnotes":""},"class_list":["post-21","page","type-page","status-publish","hentry"],"_links":{"self":[{"href":"https:\/\/montepce.cz\/index.php?rest_route=\/wp\/v2\/pages\/21","targetHints":{"allow":["GET"]}}],"collection":[{"href":"https:\/\/montepce.cz\/index.php?rest_route=\/wp\/v2\/pages"}],"about":[{"href":"https:\/\/montepce.cz\/index.php?rest_route=\/wp\/v2\/types\/page"}],"author":[{"embeddable":true,"href":"https:\/\/montepce.cz\/index.php?rest_route=\/wp\/v2\/users\/1"}],"replies":[{"embeddable":true,"href":"https:\/\/montepce.cz\/index.php?rest_route=%2Fwp%2Fv2%2Fcomments&post=21"}],"version-history":[{"count":12,"href":"https:\/\/montepce.cz\/index.php?rest_route=\/wp\/v2\/pages\/21\/revisions"}],"predecessor-version":[{"id":475,"href":"https:\/\/montepce.cz\/index.php?rest_route=\/wp\/v2\/pages\/21\/revisions\/475"}],"wp:attachment":[{"href":"https:\/\/montepce.cz\/index.php?rest_route=%2Fwp%2Fv2%2Fmedia&parent=21"}],"curies":[{"name":"wp","href":"https:\/\/api.w.org\/{rel}","templated":true}]}}