{"id":423,"date":"2025-04-29T16:17:44","date_gmt":"2025-04-29T16:17:44","guid":{"rendered":"https:\/\/montepce.cz\/?page_id=423"},"modified":"2026-02-09T17:21:21","modified_gmt":"2026-02-09T17:21:21","slug":"aktivity-spolku","status":"publish","type":"page","link":"https:\/\/montepce.cz\/?page_id=423","title":{"rendered":"Akce a aktivity"},"content":{"rendered":"<p>[et_pb_section fb_built=&#8220;1&#8243; _builder_version=&#8220;4.27.4&#8243; _module_preset=&#8220;default&#8220; global_colors_info=&#8220;{}&#8220;][et_pb_row column_structure=&#8220;1_4,3_4&#8243; _builder_version=&#8220;4.27.4&#8243; _module_preset=&#8220;default&#8220; global_colors_info=&#8220;{}&#8220;][et_pb_column type=&#8220;1_4&#8243; _builder_version=&#8220;4.27.4&#8243; _module_preset=&#8220;default&#8220; global_colors_info=&#8220;{}&#8220;][et_pb_text _builder_version=&#8220;4.27.4&#8243; _module_preset=&#8220;default&#8220; global_colors_info=&#8220;{}&#8220;][\/et_pb_text][et_pb_image src=&#8220;https:\/\/montepce.cz\/wp-content\/uploads\/2025\/09\/office-1516329_1920.jpg&#8220; title_text=&#8220;office-1516329_1920&#8243; _builder_version=&#8220;4.27.4&#8243; _module_preset=&#8220;default&#8220; global_colors_info=&#8220;{}&#8220;][\/et_pb_image][\/et_pb_column][et_pb_column type=&#8220;3_4&#8243; _builder_version=&#8220;4.27.4&#8243; _module_preset=&#8220;default&#8220; global_colors_info=&#8220;{}&#8220;][et_pb_text _builder_version=&#8220;4.27.4&#8243; _module_preset=&#8220;default&#8220; text_font_size=&#8220;19px&#8220; inline_fonts=&#8220;Abel,Arial&#8220; global_colors_info=&#8220;{}&#8220;]<\/p>\n<p><span style=\"text-decoration: underline;\"><\/span><\/p>\n<p>&nbsp;<\/p>\n<p>&nbsp;<\/p>\n<p><span style=\"font-size: x-large; color: #000000;\">Prob\u011bhl\u00e9 akce:<\/span><\/p>\n<p><span style=\"font-size: x-large;\"><b><span style=\"color: #d75214;\">\u0158\u00e1dn\u00e1 \u010dlensk\u00e1 sch\u016fze SMP<\/span><\/b><\/span><br \/>\u0158\u00e1dn\u00e1 \u010dlensk\u00e1 sch\u016fze SMP <strong>se uskute\u010dnila v \u00fater\u00fd<\/strong> <strong>21. 10. 2025 od 18:00 hodin<\/strong><br \/>v prostor\u00e1ch Z\u00e1kladn\u00ed \u0161koly Montessori Pardubice, p\u0159\u00edsp\u011bvkov\u00e1 organizace.<br \/>Adresa: <strong>Erno Ko\u0161\u0165\u00e1la 870, Pardubice<\/strong>.<\/p>\n<p><span>Z\u00e1pis z \u010dlensk\u00e9 sch\u016fze a v\u0161echny dokumenty SMP jsou\u00a0<\/span><span>\u010dlen\u016fm<\/span><span>\u00a0SMP\u00a0<\/span><span>k dispozici\u00a0<\/span><span>na vy\u017e\u00e1d\u00e1n\u00ed<\/span><span>.<\/span><span style=\"font-size: x-large;\"><b><span style=\"color: #d75214;\"><\/span><\/b><\/span><\/p>\n<p>&nbsp;<\/p>\n<p><span style=\"font-size: x-large;\"><b><span style=\"color: #d75214;\">Montessori. Zn\u00e1me se. <\/span><\/b><\/span><span style=\"font-size: large;\"><b>14<\/b>. <strong>kv\u011btna &#8211;<\/strong><\/span><span style=\"font-size: large;\"><b>\u00a0<\/b><strong>1<\/strong><strong>6. \u010dervna 2025<\/strong><\/span><span style=\"font-size: x-large;\"><b><span style=\"color: #d75214;\"><br \/><\/span><\/b><\/span><\/p>\n<p>[\/et_pb_text][\/et_pb_column][\/et_pb_row][\/et_pb_section]<\/p>\n","protected":false},"excerpt":{"rendered":"<p>&nbsp; &nbsp; Prob\u011bhl\u00e9 akce: \u0158\u00e1dn\u00e1 \u010dlensk\u00e1 sch\u016fze SMP\u0158\u00e1dn\u00e1 \u010dlensk\u00e1 sch\u016fze SMP se uskute\u010dnila v \u00fater\u00fd 21. 10. 2025 od 18:00 hodinv prostor\u00e1ch Z\u00e1kladn\u00ed \u0161koly Montessori Pardubice, p\u0159\u00edsp\u011bvkov\u00e1 organizace.Adresa: Erno Ko\u0161\u0165\u00e1la 870, Pardubice. Z\u00e1pis z \u010dlensk\u00e9 sch\u016fze a v\u0161echny dokumenty SMP jsou\u00a0\u010dlen\u016fm\u00a0SMP\u00a0k dispozici\u00a0na vy\u017e\u00e1d\u00e1n\u00ed. &nbsp; Montessori. Zn\u00e1me se. 14. kv\u011btna &#8211;\u00a016. \u010dervna 2025<\/p>\n","protected":false},"author":3,"featured_media":0,"parent":0,"menu_order":0,"comment_status":"closed","ping_status":"closed","template":"","meta":{"_et_pb_use_builder":"on","_et_pb_old_content":"","_et_gb_content_width":"","footnotes":""},"class_list":["post-423","page","type-page","status-publish","hentry"],"_links":{"self":[{"href":"https:\/\/montepce.cz\/index.php?rest_route=\/wp\/v2\/pages\/423","targetHints":{"allow":["GET"]}}],"collection":[{"href":"https:\/\/montepce.cz\/index.php?rest_route=\/wp\/v2\/pages"}],"about":[{"href":"https:\/\/montepce.cz\/index.php?rest_route=\/wp\/v2\/types\/page"}],"author":[{"embeddable":true,"href":"https:\/\/montepce.cz\/index.php?rest_route=\/wp\/v2\/users\/3"}],"replies":[{"embeddable":true,"href":"https:\/\/montepce.cz\/index.php?rest_route=%2Fwp%2Fv2%2Fcomments&post=423"}],"version-history":[{"count":35,"href":"https:\/\/montepce.cz\/index.php?rest_route=\/wp\/v2\/pages\/423\/revisions"}],"predecessor-version":[{"id":514,"href":"https:\/\/montepce.cz\/index.php?rest_route=\/wp\/v2\/pages\/423\/revisions\/514"}],"wp:attachment":[{"href":"https:\/\/montepce.cz\/index.php?rest_route=%2Fwp%2Fv2%2Fmedia&parent=423"}],"curies":[{"name":"wp","href":"https:\/\/api.w.org\/{rel}","templated":true}]}}